{"id":7505,"date":"2019-04-08T10:51:59","date_gmt":"2019-04-08T08:51:59","guid":{"rendered":"http:\/\/staritrgobkolpi.splet.arnes.si\/?page_id=7505"},"modified":"2025-11-20T13:25:12","modified_gmt":"2025-11-20T12:25:12","slug":"veljavni-predpisi-s-podrocja-izobrazevanja","status":"publish","type":"page","link":"https:\/\/staritrgobkolpi.splet.arnes.si\/?page_id=7505","title":{"rendered":"Veljavni predpisi s podro\u010dja izobra\u017eevanja"},"content":{"rendered":"<p>Vsi veljavni predpisi s podro\u010dja izobra\u017eevanja so dostopni na <a href=\"https:\/\/staritrgobkolpi.splet.arnes.si\/files\/2025\/03\/KATALOG-INFORMACIJ-JAVNEGA-ZNACAJA.pdf\">KATALOGU INFORMACIJ JAVNEGA ZNA\u010cAJA.<\/a><\/p>\n<p>&nbsp;<\/p>\n","protected":false},"excerpt":{"rendered":"<p>Vsi veljavni predpisi s podro\u010dja izobra\u017eevanja so dostopni na KATALOGU INFORMACIJ JAVNEGA ZNA\u010cAJA. &nbsp;<\/p>\n","protected":false},"author":17327,"featured_media":0,"parent":0,"menu_order":0,"comment_status":"closed","ping_status":"closed","template":"","meta":{"ngg_post_thumbnail":0,"footnotes":""},"class_list":["post-7505","page","type-page","status-publish","hentry"],"_links":{"self":[{"href":"https:\/\/staritrgobkolpi.splet.arnes.si\/index.php?rest_route=\/wp\/v2\/pages\/7505","targetHints":{"allow":["GET"]}}],"collection":[{"href":"https:\/\/staritrgobkolpi.splet.arnes.si\/index.php?rest_route=\/wp\/v2\/pages"}],"about":[{"href":"https:\/\/staritrgobkolpi.splet.arnes.si\/index.php?rest_route=\/wp\/v2\/types\/page"}],"author":[{"embeddable":true,"href":"https:\/\/staritrgobkolpi.splet.arnes.si\/index.php?rest_route=\/wp\/v2\/users\/17327"}],"replies":[{"embeddable":true,"href":"https:\/\/staritrgobkolpi.splet.arnes.si\/index.php?rest_route=%2Fwp%2Fv2%2Fcomments&post=7505"}],"version-history":[{"count":7,"href":"https:\/\/staritrgobkolpi.splet.arnes.si\/index.php?rest_route=\/wp\/v2\/pages\/7505\/revisions"}],"predecessor-version":[{"id":21426,"href":"https:\/\/staritrgobkolpi.splet.arnes.si\/index.php?rest_route=\/wp\/v2\/pages\/7505\/revisions\/21426"}],"wp:attachment":[{"href":"https:\/\/staritrgobkolpi.splet.arnes.si\/index.php?rest_route=%2Fwp%2Fv2%2Fmedia&parent=7505"}],"curies":[{"name":"wp","href":"https:\/\/api.w.org\/{rel}","templated":true}]}}