{"id":3257,"date":"2018-01-15T11:58:11","date_gmt":"2018-01-15T10:58:11","guid":{"rendered":"http:\/\/staritrgobkolpi.splet.arnes.si\/?page_id=3257"},"modified":"2018-01-15T16:14:28","modified_gmt":"2018-01-15T15:14:28","slug":"o-projektu-sio-2020","status":"publish","type":"page","link":"https:\/\/staritrgobkolpi.splet.arnes.si\/?page_id=3257","title":{"rendered":"Program nadaljnje vzpostavitve IKT infrastrukture v vzgoji in izobra\u017eevanju"},"content":{"rendered":"<p class=\"m_-3350202817274877023section-text\">Cilj operacije je izbolj\u0161anje kompetenc in dose\u017ekov mladih ter ve\u010dja usposobljenost izobra\u017eevalcev prek ve\u010dje uporabe sodobne IKT pri pou\u010devanju in u\u010denju. Vzgojno-izobra\u017eevalnim zavodom se sofinancira izgradnja brez\u017ei\u010dnih omre\u017eij in nakup IKT opreme, razvija se e-storitve in e-vsebine.<\/p>\n<p class=\"m_-3350202817274877023section-text\">Povezavo na spletno stran evropske kohezijske politike v Sloveniji:\u00a0\u00a0<span style=\"color: #008000\"><a style=\"color: #008000\" href=\"https:\/\/informator.arnes.si\/\/lt.php?id=Kh8DBFBLV1UGGQIBBgA\" target=\"_blank\">www.eu-skladi.si<\/a><\/span><\/p>\n<p class=\"m_-3350202817274877023section-text\">Nalo\u017ebo sofinancirata Republika Slovenija in Evropska unija iz Evropskega sklada za regionalni razvoj.<\/p>\n<p class=\"m_-3350202817274877023section-text\">Ve\u010d podrobnosti o Programu nadaljnje vzpostavitve IKT infrastrukture v vzgoji in izobra\u017eevanju\u00a0najdete na spletni strani\u00a0<span style=\"color: #008000\"><a style=\"color: #008000\" href=\"https:\/\/www.arnes.si\/sio-2020\/\">Programa<\/a><\/span>.<\/p>\n<p class=\"m_-3350202817274877023section-text\"><img loading=\"lazy\" decoding=\"async\" class=\"\" src=\"https:\/\/www.arnes.si\/files\/2018\/01\/logotip_EKP-2014-2020_SIO-2020.png\" width=\"712\" height=\"72\" \/><\/p>\n","protected":false},"excerpt":{"rendered":"<p>Cilj operacije je izbolj\u0161anje kompetenc in dose\u017ekov mladih ter ve\u010dja usposobljenost izobra\u017eevalcev prek ve\u010dje uporabe sodobne IKT pri pou\u010devanju in u\u010denju. Vzgojno-izobra\u017eevalnim zavodom se sofinancira izgradnja brez\u017ei\u010dnih omre\u017eij in nakup [&hellip;]<\/p>\n","protected":false},"author":17327,"featured_media":0,"parent":0,"menu_order":0,"comment_status":"closed","ping_status":"closed","template":"","meta":{"ngg_post_thumbnail":0,"footnotes":""},"class_list":["post-3257","page","type-page","status-publish","hentry"],"_links":{"self":[{"href":"https:\/\/staritrgobkolpi.splet.arnes.si\/index.php?rest_route=\/wp\/v2\/pages\/3257","targetHints":{"allow":["GET"]}}],"collection":[{"href":"https:\/\/staritrgobkolpi.splet.arnes.si\/index.php?rest_route=\/wp\/v2\/pages"}],"about":[{"href":"https:\/\/staritrgobkolpi.splet.arnes.si\/index.php?rest_route=\/wp\/v2\/types\/page"}],"author":[{"embeddable":true,"href":"https:\/\/staritrgobkolpi.splet.arnes.si\/index.php?rest_route=\/wp\/v2\/users\/17327"}],"replies":[{"embeddable":true,"href":"https:\/\/staritrgobkolpi.splet.arnes.si\/index.php?rest_route=%2Fwp%2Fv2%2Fcomments&post=3257"}],"version-history":[{"count":8,"href":"https:\/\/staritrgobkolpi.splet.arnes.si\/index.php?rest_route=\/wp\/v2\/pages\/3257\/revisions"}],"predecessor-version":[{"id":3281,"href":"https:\/\/staritrgobkolpi.splet.arnes.si\/index.php?rest_route=\/wp\/v2\/pages\/3257\/revisions\/3281"}],"wp:attachment":[{"href":"https:\/\/staritrgobkolpi.splet.arnes.si\/index.php?rest_route=%2Fwp%2Fv2%2Fmedia&parent=3257"}],"curies":[{"name":"wp","href":"https:\/\/api.w.org\/{rel}","templated":true}]}}