{"id":19654,"date":"2025-03-06T11:23:35","date_gmt":"2025-03-06T10:23:35","guid":{"rendered":"https:\/\/staritrgobkolpi.splet.arnes.si\/?page_id=19654"},"modified":"2025-12-24T08:44:54","modified_gmt":"2025-12-24T07:44:54","slug":"solsko-leto-2024-25","status":"publish","type":"page","link":"https:\/\/staritrgobkolpi.splet.arnes.si\/?page_id=19654","title":{"rendered":"\u0160olsko leto 2025\/26"},"content":{"rendered":"<p><a href=\"https:\/\/staritrgobkolpi.splet.arnes.si\/files\/2025\/11\/LDN-VRTEC-2025-2026-1.pdf\">LETNI DELOVNI NA\u010cRT VZGOJNO VARSTVENE ENOTE PRI O\u0160 STARI TRG OB KOLPI za \u0161olsko leto 2025\/26<\/a><\/p>\n","protected":false},"excerpt":{"rendered":"<p>LETNI DELOVNI NA\u010cRT VZGOJNO VARSTVENE ENOTE PRI O\u0160 STARI TRG OB KOLPI za \u0161olsko leto 2025\/26<\/p>\n","protected":false},"author":91022,"featured_media":0,"parent":19651,"menu_order":0,"comment_status":"closed","ping_status":"closed","template":"","meta":{"ngg_post_thumbnail":0,"footnotes":""},"class_list":["post-19654","page","type-page","status-publish","hentry"],"_links":{"self":[{"href":"https:\/\/staritrgobkolpi.splet.arnes.si\/index.php?rest_route=\/wp\/v2\/pages\/19654","targetHints":{"allow":["GET"]}}],"collection":[{"href":"https:\/\/staritrgobkolpi.splet.arnes.si\/index.php?rest_route=\/wp\/v2\/pages"}],"about":[{"href":"https:\/\/staritrgobkolpi.splet.arnes.si\/index.php?rest_route=\/wp\/v2\/types\/page"}],"author":[{"embeddable":true,"href":"https:\/\/staritrgobkolpi.splet.arnes.si\/index.php?rest_route=\/wp\/v2\/users\/91022"}],"replies":[{"embeddable":true,"href":"https:\/\/staritrgobkolpi.splet.arnes.si\/index.php?rest_route=%2Fwp%2Fv2%2Fcomments&post=19654"}],"version-history":[{"count":4,"href":"https:\/\/staritrgobkolpi.splet.arnes.si\/index.php?rest_route=\/wp\/v2\/pages\/19654\/revisions"}],"predecessor-version":[{"id":19664,"href":"https:\/\/staritrgobkolpi.splet.arnes.si\/index.php?rest_route=\/wp\/v2\/pages\/19654\/revisions\/19664"}],"up":[{"embeddable":true,"href":"https:\/\/staritrgobkolpi.splet.arnes.si\/index.php?rest_route=\/wp\/v2\/pages\/19651"}],"wp:attachment":[{"href":"https:\/\/staritrgobkolpi.splet.arnes.si\/index.php?rest_route=%2Fwp%2Fv2%2Fmedia&parent=19654"}],"curies":[{"name":"wp","href":"https:\/\/api.w.org\/{rel}","templated":true}]}}