{"id":18945,"date":"2024-11-14T11:38:26","date_gmt":"2024-11-14T10:38:26","guid":{"rendered":"https:\/\/staritrgobkolpi.splet.arnes.si\/?page_id=18945"},"modified":"2025-11-20T12:04:04","modified_gmt":"2025-11-20T11:04:04","slug":"solska-prehrana","status":"publish","type":"page","link":"https:\/\/staritrgobkolpi.splet.arnes.si\/?page_id=18945","title":{"rendered":"\u0160olska prehrana"},"content":{"rendered":"<p>Zdrava prehrana pripomore k bolj\u0161emu u\u010denju in v veliki meri vpliva na razpolo\u017eenje in medsebojne odnose. Na \u0161oli pripravljamo naslednje obroke prehrane:<br \/>\n1. Za otroke pred\u0161olske vzgoje: zajtrk, kosilo in popoldansko malico<br \/>\n2. Za \u0161olske otroke dopoldansko malico in kosilo<br \/>\n3. Za zaposlene na \u0161oli in za zunanje odjemalce kosilo<\/p>\n<p>Na jedilnik (v ustreznih dele\u017eih) vklju\u010dujemo tudi ekolo\u0161ka \u017eivila in \u017eivila iz sheme kakovosti. \u0160olska prehrana pomeni organizirano prehrano u\u010dencev v dneh, ko poteka pouk v skladu s \u0161olskim koledarjem. U\u010dencem nudimo malico in kosilo. Na \u0161olsko prehrano se u\u010denci v za\u010detku \u0161olskega leta prijavijo s posebnim obrazcem. S prijavo na \u0161olsko prehrano so u\u010denci oz. star\u0161i dol\u017eni:<br \/>\n<strong>&#8211; spo\u0161tovati pravila \u0161olske prehrane,<\/strong><br \/>\n<strong>&#8211; pla\u010devati prispevek za \u0161olsko prehrano,<\/strong><br \/>\n<strong>&#8211; pravo\u010dasno odjaviti (do 8.00) posamezni obrok, skladno s pravili \u0161olske prehrane,<\/strong><br \/>\n<strong>&#8211; pla\u010dati polno ceno obroka, \u010de obroka niso pravo\u010dasno odjavili,<\/strong><br \/>\n<strong>&#8211; \u0161oli v 30 dneh sporo\u010diti vsako spremembo podatkov, ki so jih podali v prijavi na prehrano.<\/strong><\/p>\n<p>U\u010denci v \u0161oli pojedo vsaj en obrok. Jedilniki so sestavljeni mese\u010dno, pri \u010demer upo\u0161tevamo Smernice zdravega prehranjevanja v VIZ. V prehrano so vklju\u010dena tudi lokalna \u017eivila in \u017eivila z oznako BIO. Za kvalitetno pripravljanje hrane in higiensko razdeljevanje hrane skrbita kuharici. \u0160olska malica poteka v jedilnici od 9.25 do 9.40, kosilo pa od 12.05 do 12.20 h.<\/p>\n<p>Ceno malice dolo\u010di Ministrstvo za Vzgojo in izobra\u017eevanje in zna\u0161a <strong>1,10 EUR<\/strong>. Cena \u0161olskega kosila, ki velja od 1. aprila 2025:<br \/>\n<strong>\u2022 za u\u010dence od 1. do vklju\u010dno 5. razreda 2,30 EUR in<\/strong><br \/>\n<strong>\u2022 za u\u010dence od 6. do 9. razreda 2,50 EUR.<\/strong><\/p>\n<p>Podatke o subvencioniranih obrokih za posamezne u\u010dence, ki so prijavljeni na kosilo in malico, \u0161ola pridobi iz programa CEUIVZ. V maju 2026 na\u010drtujemo izvedbo ankete o kakovosti \u0161olske prehrane, katere zaklju\u010dke bomo smiselno upo\u0161tevali v \u0161olskem letu 2026 \/ 2027. Organizator \u0161olske prehrane je Rok Rotar. Usposobljena ekipa za \u0161olsko prehrano vklju\u010duje tudi kuharico Heleno Ferderber in \u010distilko Majdo Kobe.<\/p>\n","protected":false},"excerpt":{"rendered":"<p>Zdrava prehrana pripomore k bolj\u0161emu u\u010denju in v veliki meri vpliva na razpolo\u017eenje in medsebojne odnose. Na \u0161oli pripravljamo naslednje obroke prehrane: 1. Za otroke pred\u0161olske vzgoje: zajtrk, kosilo in [&hellip;]<\/p>\n","protected":false},"author":91022,"featured_media":0,"parent":0,"menu_order":0,"comment_status":"closed","ping_status":"closed","template":"","meta":{"ngg_post_thumbnail":0,"footnotes":""},"class_list":["post-18945","page","type-page","status-publish","hentry"],"_links":{"self":[{"href":"https:\/\/staritrgobkolpi.splet.arnes.si\/index.php?rest_route=\/wp\/v2\/pages\/18945","targetHints":{"allow":["GET"]}}],"collection":[{"href":"https:\/\/staritrgobkolpi.splet.arnes.si\/index.php?rest_route=\/wp\/v2\/pages"}],"about":[{"href":"https:\/\/staritrgobkolpi.splet.arnes.si\/index.php?rest_route=\/wp\/v2\/types\/page"}],"author":[{"embeddable":true,"href":"https:\/\/staritrgobkolpi.splet.arnes.si\/index.php?rest_route=\/wp\/v2\/users\/91022"}],"replies":[{"embeddable":true,"href":"https:\/\/staritrgobkolpi.splet.arnes.si\/index.php?rest_route=%2Fwp%2Fv2%2Fcomments&post=18945"}],"version-history":[{"count":8,"href":"https:\/\/staritrgobkolpi.splet.arnes.si\/index.php?rest_route=\/wp\/v2\/pages\/18945\/revisions"}],"predecessor-version":[{"id":21415,"href":"https:\/\/staritrgobkolpi.splet.arnes.si\/index.php?rest_route=\/wp\/v2\/pages\/18945\/revisions\/21415"}],"wp:attachment":[{"href":"https:\/\/staritrgobkolpi.splet.arnes.si\/index.php?rest_route=%2Fwp%2Fv2%2Fmedia&parent=18945"}],"curies":[{"name":"wp","href":"https:\/\/api.w.org\/{rel}","templated":true}]}}