{"id":18841,"date":"2024-11-14T09:11:35","date_gmt":"2024-11-14T08:11:35","guid":{"rendered":"https:\/\/staritrgobkolpi.splet.arnes.si\/?page_id=18841"},"modified":"2025-11-20T11:48:39","modified_gmt":"2025-11-20T10:48:39","slug":"tekmovanja","status":"publish","type":"page","link":"https:\/\/staritrgobkolpi.splet.arnes.si\/?page_id=18841","title":{"rendered":"Tekmovanja"},"content":{"rendered":"<p><strong>\u0160olska tekmovanja<\/strong><br \/>\nU\u010denci se s pomo\u010djo mentorjev pripravljajo na tekmovanja z dru\u017eboslovnega, naravoslovnega, tehni\u0161kega, \u0161portnega in zabavnega podro\u010dja. Na tekmovanje mentor obi\u010dajno prijavi u\u010dence, ki obiskujejo priprave na tekmovanje, aktivno sodelujejo pri rednem pouku ali vzorno opravljajo svoje u\u010dne dol\u017enosti.<\/p>\n<p><img loading=\"lazy\" decoding=\"async\" class=\"\" src=\"https:\/\/staritrgobkolpi.splet.arnes.si\/files\/2025\/11\/Tekmovanja25.png\" width=\"547\" height=\"797\"><\/p>\n<p>Glede na interes u\u010dencev ali posameznih mentorjev je mogo\u010de, da bo po potrebi med \u0161olskim letom organizirano \u0161e kak\u0161no tekmovanje oziroma da se bodo u\u010denci udele\u017eili tekmovanja izven \u0161ole.<\/p>\n","protected":false},"excerpt":{"rendered":"<p>\u0160olska tekmovanja U\u010denci se s pomo\u010djo mentorjev pripravljajo na tekmovanja z dru\u017eboslovnega, naravoslovnega, tehni\u0161kega, \u0161portnega in zabavnega podro\u010dja. Na tekmovanje mentor obi\u010dajno prijavi u\u010dence, ki obiskujejo priprave na tekmovanje, aktivno [&hellip;]<\/p>\n","protected":false},"author":91022,"featured_media":0,"parent":0,"menu_order":0,"comment_status":"closed","ping_status":"closed","template":"","meta":{"ngg_post_thumbnail":0,"footnotes":""},"class_list":["post-18841","page","type-page","status-publish","hentry"],"_links":{"self":[{"href":"https:\/\/staritrgobkolpi.splet.arnes.si\/index.php?rest_route=\/wp\/v2\/pages\/18841","targetHints":{"allow":["GET"]}}],"collection":[{"href":"https:\/\/staritrgobkolpi.splet.arnes.si\/index.php?rest_route=\/wp\/v2\/pages"}],"about":[{"href":"https:\/\/staritrgobkolpi.splet.arnes.si\/index.php?rest_route=\/wp\/v2\/types\/page"}],"author":[{"embeddable":true,"href":"https:\/\/staritrgobkolpi.splet.arnes.si\/index.php?rest_route=\/wp\/v2\/users\/91022"}],"replies":[{"embeddable":true,"href":"https:\/\/staritrgobkolpi.splet.arnes.si\/index.php?rest_route=%2Fwp%2Fv2%2Fcomments&post=18841"}],"version-history":[{"count":8,"href":"https:\/\/staritrgobkolpi.splet.arnes.si\/index.php?rest_route=\/wp\/v2\/pages\/18841\/revisions"}],"predecessor-version":[{"id":21403,"href":"https:\/\/staritrgobkolpi.splet.arnes.si\/index.php?rest_route=\/wp\/v2\/pages\/18841\/revisions\/21403"}],"wp:attachment":[{"href":"https:\/\/staritrgobkolpi.splet.arnes.si\/index.php?rest_route=%2Fwp%2Fv2%2Fmedia&parent=18841"}],"curies":[{"name":"wp","href":"https:\/\/api.w.org\/{rel}","templated":true}]}}