{"id":16084,"date":"2023-02-14T11:15:59","date_gmt":"2023-02-14T10:15:59","guid":{"rendered":"https:\/\/staritrgobkolpi.splet.arnes.si\/?page_id=16084"},"modified":"2026-04-15T12:28:47","modified_gmt":"2026-04-15T10:28:47","slug":"obrazci","status":"publish","type":"page","link":"https:\/\/staritrgobkolpi.splet.arnes.si\/?page_id=16084","title":{"rendered":"Obrazci"},"content":{"rendered":"<ul>\n<li style=\"list-style-type: none\">\n<ul>\n<li style=\"list-style-type: none\">\n<ul>\n<li style=\"list-style-type: none\">\n<ul>\n<li><span style=\"color: #000000\"><a style=\"color: #000000\" href=\"https:\/\/staritrgobkolpi.splet.arnes.si\/files\/2025\/12\/Prepis-ucenca-na-drugo-solo-OBRAZEC.pdf\">Vloga za prepis na drugo \u0161olo<\/a><\/span><\/li>\n<li><span style=\"color: #000000\"><a style=\"color: #000000\" href=\"https:\/\/staritrgobkolpi.splet.arnes.si\/files\/2025\/12\/Odlozitev-solanja-OBRAZEC.pdf\"><span class=\"media-list-title\">Vloga za odlo\u017eitev \u0161olanja<\/span><\/a><\/span><\/li>\n<li><span style=\"color: #000000\"><a style=\"color: #000000\" href=\"https:\/\/staritrgobkolpi.splet.arnes.si\/files\/2026\/04\/OPRAVICILO-ODSOTNOSTI.pdf\"><span class=\"media-list-title\">Opravi\u010dilo odsotnosti<\/span><\/a><\/span><\/li>\n<li><span style=\"color: #000000\"><a style=\"color: #000000\" href=\"https:\/\/staritrgobkolpi.splet.arnes.si\/files\/2026\/04\/PROSNJA-ZA-KORISCENJE-PROSTIH-DNI-dopust-do-5-dni.pdf\">Pro\u0161nja za kori\u0161\u010denje prostih dni (dopust do 5 dni)<\/a><\/span><\/li>\n<li><span style=\"color: #000000\"><a style=\"color: #000000\" href=\"https:\/\/staritrgobkolpi.splet.arnes.si\/files\/2026\/04\/PROSNJAVLOGA-za-koriscenje-dni-izostanka-od-pouka-nad-5-dni.pdf\">Pro\u0161nja\/Vloga za kori\u0161\u010denje izostanka od pouka nad 5 dni<\/a><\/span><\/li>\n<li><span style=\"color: #000000\"><a style=\"color: #000000\" href=\"https:\/\/staritrgobkolpi.splet.arnes.si\/files\/2025\/12\/Vloga-za-pridobitev-statusa-sportnika.pdf\">Vloga status \u0161portnika<\/a><\/span><\/li>\n<li><span style=\"color: #000000\"><a style=\"color: #000000\" href=\"https:\/\/staritrgobkolpi.splet.arnes.si\/files\/2026\/04\/PROSNJA-ZA-VPIS-V-1.-RAZRED-ZA-SOLSKO-LETO.pdf\">Pro\u0161nja za vpis v 1. razred<\/a><\/span><\/li>\n<\/ul>\n<\/li>\n<\/ul>\n<\/li>\n<\/ul>\n<\/li>\n<\/ul>\n","protected":false},"excerpt":{"rendered":"<p>Vloga za prepis na drugo \u0161olo Vloga za odlo\u017eitev \u0161olanja Opravi\u010dilo odsotnosti Pro\u0161nja za kori\u0161\u010denje prostih dni (dopust do 5 dni) Pro\u0161nja\/Vloga za kori\u0161\u010denje izostanka od pouka nad 5 dni [&hellip;]<\/p>\n","protected":false},"author":91022,"featured_media":0,"parent":7501,"menu_order":0,"comment_status":"closed","ping_status":"closed","template":"","meta":{"ngg_post_thumbnail":0,"footnotes":""},"class_list":["post-16084","page","type-page","status-publish","hentry"],"_links":{"self":[{"href":"https:\/\/staritrgobkolpi.splet.arnes.si\/index.php?rest_route=\/wp\/v2\/pages\/16084","targetHints":{"allow":["GET"]}}],"collection":[{"href":"https:\/\/staritrgobkolpi.splet.arnes.si\/index.php?rest_route=\/wp\/v2\/pages"}],"about":[{"href":"https:\/\/staritrgobkolpi.splet.arnes.si\/index.php?rest_route=\/wp\/v2\/types\/page"}],"author":[{"embeddable":true,"href":"https:\/\/staritrgobkolpi.splet.arnes.si\/index.php?rest_route=\/wp\/v2\/users\/91022"}],"replies":[{"embeddable":true,"href":"https:\/\/staritrgobkolpi.splet.arnes.si\/index.php?rest_route=%2Fwp%2Fv2%2Fcomments&post=16084"}],"version-history":[{"count":16,"href":"https:\/\/staritrgobkolpi.splet.arnes.si\/index.php?rest_route=\/wp\/v2\/pages\/16084\/revisions"}],"predecessor-version":[{"id":22549,"href":"https:\/\/staritrgobkolpi.splet.arnes.si\/index.php?rest_route=\/wp\/v2\/pages\/16084\/revisions\/22549"}],"up":[{"embeddable":true,"href":"https:\/\/staritrgobkolpi.splet.arnes.si\/index.php?rest_route=\/wp\/v2\/pages\/7501"}],"wp:attachment":[{"href":"https:\/\/staritrgobkolpi.splet.arnes.si\/index.php?rest_route=%2Fwp%2Fv2%2Fmedia&parent=16084"}],"curies":[{"name":"wp","href":"https:\/\/api.w.org\/{rel}","templated":true}]}}